{"id":42,"date":"2022-03-15T02:26:35","date_gmt":"2022-03-15T02:26:35","guid":{"rendered":"https:\/\/dev.net-vision.cz\/elektros\/?page_id=42"},"modified":"2022-03-15T04:37:12","modified_gmt":"2022-03-15T04:37:12","slug":"uvod","status":"publish","type":"page","link":"https:\/\/www.elektroshb.cz\/","title":{"rendered":"\u00favod"},"content":{"rendered":"","protected":false},"excerpt":{"rendered":"","protected":false},"author":2,"featured_media":0,"parent":0,"menu_order":0,"comment_status":"closed","ping_status":"closed","template":"","meta":{"footnotes":""},"class_list":["post-42","page","type-page","status-publish","hentry"],"yoast_head":"<!-- This site is optimized with the Yoast SEO plugin v25.6 - https:\/\/yoast.com\/wordpress\/plugins\/seo\/ -->\n<title>Elektromont\u00e1\u017en\u00ed pr\u00e1ce | ELEKTROS spol. s r.o. | Havl\u00ed\u010dk\u016fv Brod<\/title>\n<meta name=\"description\" content=\"Pot\u0159ebujete zajistit elektroinstalaci nebo elektromont\u00e1\u017e? M\u00e1te z\u00e1jem o pr\u00e1\u0161kov\u00e9 lakov\u00e1n\u00ed n\u011bjak\u00e9ho zbo\u017e\u00ed? A nebo hled\u00e1te vhodn\u00e9ho dodavatele z\u00e1me\u010dnick\u00fdch prac\u00ed? V tom p\u0159\u00edpad\u011b se nev\u00e1hejte obr\u00e1tit na n\u00e1s.\" \/>\n<meta name=\"robots\" content=\"index, follow, max-snippet:-1, max-image-preview:large, max-video-preview:-1\" \/>\n<link rel=\"canonical\" href=\"https:\/\/www.elektroshb.cz\/\" \/>\n<meta property=\"og:locale\" content=\"cs_CZ\" \/>\n<meta property=\"og:type\" content=\"article\" \/>\n<meta property=\"og:title\" content=\"Elektromont\u00e1\u017en\u00ed pr\u00e1ce | ELEKTROS spol. s r.o. | Havl\u00ed\u010dk\u016fv Brod\" \/>\n<meta property=\"og:description\" content=\"Pot\u0159ebujete zajistit elektroinstalaci nebo elektromont\u00e1\u017e? M\u00e1te z\u00e1jem o pr\u00e1\u0161kov\u00e9 lakov\u00e1n\u00ed n\u011bjak\u00e9ho zbo\u017e\u00ed? A nebo hled\u00e1te vhodn\u00e9ho dodavatele z\u00e1me\u010dnick\u00fdch prac\u00ed? V tom p\u0159\u00edpad\u011b se nev\u00e1hejte obr\u00e1tit na n\u00e1s.\" \/>\n<meta property=\"og:url\" content=\"https:\/\/www.elektroshb.cz\/\" \/>\n<meta property=\"og:site_name\" content=\"ElektrosH\" \/>\n<meta property=\"article:modified_time\" content=\"2022-03-15T04:37:12+00:00\" \/>\n<meta name=\"twitter:card\" content=\"summary_large_image\" \/>\n<script type=\"application\/ld+json\" class=\"yoast-schema-graph\">{\"@context\":\"https:\/\/schema.org\",\"@graph\":[{\"@type\":\"WebPage\",\"@id\":\"https:\/\/www.elektroshb.cz\/\",\"url\":\"https:\/\/www.elektroshb.cz\/\",\"name\":\"Elektromont\u00e1\u017en\u00ed pr\u00e1ce | ELEKTROS spol. s r.o. | Havl\u00ed\u010dk\u016fv Brod\",\"isPartOf\":{\"@id\":\"https:\/\/www.elektroshb.cz\/#website\"},\"datePublished\":\"2022-03-15T02:26:35+00:00\",\"dateModified\":\"2022-03-15T04:37:12+00:00\",\"description\":\"Pot\u0159ebujete zajistit elektroinstalaci nebo elektromont\u00e1\u017e? M\u00e1te z\u00e1jem o pr\u00e1\u0161kov\u00e9 lakov\u00e1n\u00ed n\u011bjak\u00e9ho zbo\u017e\u00ed? A nebo hled\u00e1te vhodn\u00e9ho dodavatele z\u00e1me\u010dnick\u00fdch prac\u00ed? V tom p\u0159\u00edpad\u011b se nev\u00e1hejte obr\u00e1tit na n\u00e1s.\",\"breadcrumb\":{\"@id\":\"https:\/\/www.elektroshb.cz\/#breadcrumb\"},\"inLanguage\":\"cs\",\"potentialAction\":[{\"@type\":\"ReadAction\",\"target\":[\"https:\/\/www.elektroshb.cz\/\"]}]},{\"@type\":\"BreadcrumbList\",\"@id\":\"https:\/\/www.elektroshb.cz\/#breadcrumb\",\"itemListElement\":[{\"@type\":\"ListItem\",\"position\":1,\"name\":\"Dom\u016f\",\"item\":\"https:\/\/www.elektroshb.cz\/\"},{\"@type\":\"ListItem\",\"position\":2,\"name\":\"\u00favod\"}]},{\"@type\":\"WebSite\",\"@id\":\"https:\/\/www.elektroshb.cz\/#website\",\"url\":\"https:\/\/www.elektroshb.cz\/\",\"name\":\"ElektrosH\",\"description\":\"Just another WordPress site\",\"potentialAction\":[{\"@type\":\"SearchAction\",\"target\":{\"@type\":\"EntryPoint\",\"urlTemplate\":\"https:\/\/www.elektroshb.cz\/?s={search_term_string}\"},\"query-input\":{\"@type\":\"PropertyValueSpecification\",\"valueRequired\":true,\"valueName\":\"search_term_string\"}}],\"inLanguage\":\"cs\"}]}<\/script>\n<!-- \/ Yoast SEO plugin. -->","yoast_head_json":{"title":"Elektromont\u00e1\u017en\u00ed pr\u00e1ce | ELEKTROS spol. s r.o. | Havl\u00ed\u010dk\u016fv Brod","description":"Pot\u0159ebujete zajistit elektroinstalaci nebo elektromont\u00e1\u017e? M\u00e1te z\u00e1jem o pr\u00e1\u0161kov\u00e9 lakov\u00e1n\u00ed n\u011bjak\u00e9ho zbo\u017e\u00ed? A nebo hled\u00e1te vhodn\u00e9ho dodavatele z\u00e1me\u010dnick\u00fdch prac\u00ed? V tom p\u0159\u00edpad\u011b se nev\u00e1hejte obr\u00e1tit na n\u00e1s.","robots":{"index":"index","follow":"follow","max-snippet":"max-snippet:-1","max-image-preview":"max-image-preview:large","max-video-preview":"max-video-preview:-1"},"canonical":"https:\/\/www.elektroshb.cz\/","og_locale":"cs_CZ","og_type":"article","og_title":"Elektromont\u00e1\u017en\u00ed pr\u00e1ce | ELEKTROS spol. s r.o. | Havl\u00ed\u010dk\u016fv Brod","og_description":"Pot\u0159ebujete zajistit elektroinstalaci nebo elektromont\u00e1\u017e? M\u00e1te z\u00e1jem o pr\u00e1\u0161kov\u00e9 lakov\u00e1n\u00ed n\u011bjak\u00e9ho zbo\u017e\u00ed? A nebo hled\u00e1te vhodn\u00e9ho dodavatele z\u00e1me\u010dnick\u00fdch prac\u00ed? V tom p\u0159\u00edpad\u011b se nev\u00e1hejte obr\u00e1tit na n\u00e1s.","og_url":"https:\/\/www.elektroshb.cz\/","og_site_name":"ElektrosH","article_modified_time":"2022-03-15T04:37:12+00:00","twitter_card":"summary_large_image","schema":{"@context":"https:\/\/schema.org","@graph":[{"@type":"WebPage","@id":"https:\/\/www.elektroshb.cz\/","url":"https:\/\/www.elektroshb.cz\/","name":"Elektromont\u00e1\u017en\u00ed pr\u00e1ce | ELEKTROS spol. s r.o. | Havl\u00ed\u010dk\u016fv Brod","isPartOf":{"@id":"https:\/\/www.elektroshb.cz\/#website"},"datePublished":"2022-03-15T02:26:35+00:00","dateModified":"2022-03-15T04:37:12+00:00","description":"Pot\u0159ebujete zajistit elektroinstalaci nebo elektromont\u00e1\u017e? M\u00e1te z\u00e1jem o pr\u00e1\u0161kov\u00e9 lakov\u00e1n\u00ed n\u011bjak\u00e9ho zbo\u017e\u00ed? A nebo hled\u00e1te vhodn\u00e9ho dodavatele z\u00e1me\u010dnick\u00fdch prac\u00ed? V tom p\u0159\u00edpad\u011b se nev\u00e1hejte obr\u00e1tit na n\u00e1s.","breadcrumb":{"@id":"https:\/\/www.elektroshb.cz\/#breadcrumb"},"inLanguage":"cs","potentialAction":[{"@type":"ReadAction","target":["https:\/\/www.elektroshb.cz\/"]}]},{"@type":"BreadcrumbList","@id":"https:\/\/www.elektroshb.cz\/#breadcrumb","itemListElement":[{"@type":"ListItem","position":1,"name":"Dom\u016f","item":"https:\/\/www.elektroshb.cz\/"},{"@type":"ListItem","position":2,"name":"\u00favod"}]},{"@type":"WebSite","@id":"https:\/\/www.elektroshb.cz\/#website","url":"https:\/\/www.elektroshb.cz\/","name":"ElektrosH","description":"Just another WordPress site","potentialAction":[{"@type":"SearchAction","target":{"@type":"EntryPoint","urlTemplate":"https:\/\/www.elektroshb.cz\/?s={search_term_string}"},"query-input":{"@type":"PropertyValueSpecification","valueRequired":true,"valueName":"search_term_string"}}],"inLanguage":"cs"}]}},"_links":{"self":[{"href":"https:\/\/www.elektroshb.cz\/index.php\/wp-json\/wp\/v2\/pages\/42","targetHints":{"allow":["GET"]}}],"collection":[{"href":"https:\/\/www.elektroshb.cz\/index.php\/wp-json\/wp\/v2\/pages"}],"about":[{"href":"https:\/\/www.elektroshb.cz\/index.php\/wp-json\/wp\/v2\/types\/page"}],"author":[{"embeddable":true,"href":"https:\/\/www.elektroshb.cz\/index.php\/wp-json\/wp\/v2\/users\/2"}],"replies":[{"embeddable":true,"href":"https:\/\/www.elektroshb.cz\/index.php\/wp-json\/wp\/v2\/comments?post=42"}],"version-history":[{"count":1,"href":"https:\/\/www.elektroshb.cz\/index.php\/wp-json\/wp\/v2\/pages\/42\/revisions"}],"predecessor-version":[{"id":44,"href":"https:\/\/www.elektroshb.cz\/index.php\/wp-json\/wp\/v2\/pages\/42\/revisions\/44"}],"wp:attachment":[{"href":"https:\/\/www.elektroshb.cz\/index.php\/wp-json\/wp\/v2\/media?parent=42"}],"curies":[{"name":"wp","href":"https:\/\/api.w.org\/{rel}","templated":true}]}}